{"id":1806,"date":"2019-01-16T13:01:55","date_gmt":"2019-01-16T10:01:55","guid":{"rendered":"https:\/\/alanyayuzmekursu.com\/urun\/yuzme-sapkasi-duz-silikon-speed-pro\/"},"modified":"2023-08-02T04:08:04","modified_gmt":"2023-08-02T01:08:04","slug":"yuzme-sapkasi-duz-silikon-speed-pro","status":"publish","type":"product","link":"https:\/\/alanyayuzmekursu.com\/tr\/urun\/yuzme-sapkasi-duz-silikon-speed-pro\/","title":{"rendered":"Y\u00fczme \u015eapkas\u0131 D\u00fcz Silikon Speed Pro"},"content":{"rendered":"<p>[vc_row][vc_column][vc_column_text]Tamamen y\u00fcksek kaliteli silikondan yap\u0131lm\u0131\u015f y\u00fczme bonesi. Rahat giyme ve takma i\u00e7in hafif konturludur. G\u00fcnl\u00fck y\u00fczmede su direncini \u00f6nemli \u00f6l\u00e7\u00fcde azalt\u0131r.[\/vc_column_text][\/vc_column][\/vc_row]<\/p>\n","protected":false},"excerpt":{"rendered":"<p>Tamamen y\u00fcksek kaliteli silikondan yap\u0131lm\u0131\u015f y\u00fczme bonesi. Rahat giyme ve takma i\u00e7in hafif konturludur. G\u00fcnl\u00fck y\u00fczmede su direncini \u00f6nemli \u00f6l\u00e7\u00fcde azalt\u0131r.<\/p>\n","protected":false},"featured_media":1644,"comment_status":"open","ping_status":"closed","template":"","meta":[],"product_cat":[65],"product_tag":[63,64],"class_list":["post-1806","product","type-product","status-publish","has-post-thumbnail","hentry","product_cat-yuzme-sapkalari","product_tag-ekipman","product_tag-kiyafet"],"_links":{"self":[{"href":"https:\/\/alanyayuzmekursu.com\/tr\/wp-json\/wp\/v2\/product\/1806","targetHints":{"allow":["GET"]}}],"collection":[{"href":"https:\/\/alanyayuzmekursu.com\/tr\/wp-json\/wp\/v2\/product"}],"about":[{"href":"https:\/\/alanyayuzmekursu.com\/tr\/wp-json\/wp\/v2\/types\/product"}],"replies":[{"embeddable":true,"href":"https:\/\/alanyayuzmekursu.com\/tr\/wp-json\/wp\/v2\/comments?post=1806"}],"wp:featuredmedia":[{"embeddable":true,"href":"https:\/\/alanyayuzmekursu.com\/tr\/wp-json\/wp\/v2\/media\/1644"}],"wp:attachment":[{"href":"https:\/\/alanyayuzmekursu.com\/tr\/wp-json\/wp\/v2\/media?parent=1806"}],"wp:term":[{"taxonomy":"product_cat","embeddable":true,"href":"https:\/\/alanyayuzmekursu.com\/tr\/wp-json\/wp\/v2\/product_cat?post=1806"},{"taxonomy":"product_tag","embeddable":true,"href":"https:\/\/alanyayuzmekursu.com\/tr\/wp-json\/wp\/v2\/product_tag?post=1806"}],"curies":[{"name":"wp","href":"https:\/\/api.w.org\/{rel}","templated":true}]}}