{"id":1802,"date":"2019-01-16T13:01:52","date_gmt":"2019-01-16T10:01:52","guid":{"rendered":"https:\/\/alanyayuzmekursu.com\/urun\/junior-yuzme-gozlukleri-advanced-pro\/"},"modified":"2023-08-02T04:08:01","modified_gmt":"2023-08-02T01:08:01","slug":"junior-yuzme-gozlukleri-advanced-pro","status":"publish","type":"product","link":"https:\/\/alanyayuzmekursu.com\/tr\/urun\/junior-yuzme-gozlukleri-advanced-pro\/","title":{"rendered":"Junior Y\u00fczme G\u00f6zl\u00fckleri Advanced Pro"},"content":{"rendered":"<p>[vc_row][vc_column][vc_column_text]Junior Y\u00fczme G\u00f6zl\u00fc\u011f\u00fc Advanced Pro, 180 derecelik m\u00fckemmel g\u00f6r\u00fc\u015f sa\u011flar ve rahat, su ge\u00e7irmez bir uyum i\u00e7in kolayca ayarlanabilir. Bu\u011fulanma ve bozulma \u00f6nleyici camlar sayesinde g\u00f6zl\u00fckler m\u00fckemmel g\u00f6r\u00fc\u015f ve performans sa\u011flar.[\/vc_column_text][\/vc_column][\/vc_row]<\/p>\n","protected":false},"excerpt":{"rendered":"<p>Junior Y\u00fczme G\u00f6zl\u00fc\u011f\u00fc Advanced Pro, 180 derecelik m\u00fckemmel g\u00f6r\u00fc\u015f sa\u011flar ve rahat, su ge\u00e7irmez bir uyum i\u00e7in kolayca ayarlanabilir. Bu\u011fulanma ve bozulma \u00f6nleyici camlar sayesinde g\u00f6zl\u00fckler m\u00fckemmel g\u00f6r\u00fc\u015f ve performans sa\u011flar.<\/p>\n","protected":false},"featured_media":1654,"comment_status":"open","ping_status":"closed","template":"","meta":[],"product_cat":[67],"product_tag":[68,73],"class_list":["post-1802","product","type-product","status-publish","has-post-thumbnail","hentry","product_cat-yuzme-gozlukleri","product_tag-egitim","product_tag-gadgetlar"],"_links":{"self":[{"href":"https:\/\/alanyayuzmekursu.com\/tr\/wp-json\/wp\/v2\/product\/1802","targetHints":{"allow":["GET"]}}],"collection":[{"href":"https:\/\/alanyayuzmekursu.com\/tr\/wp-json\/wp\/v2\/product"}],"about":[{"href":"https:\/\/alanyayuzmekursu.com\/tr\/wp-json\/wp\/v2\/types\/product"}],"replies":[{"embeddable":true,"href":"https:\/\/alanyayuzmekursu.com\/tr\/wp-json\/wp\/v2\/comments?post=1802"}],"wp:featuredmedia":[{"embeddable":true,"href":"https:\/\/alanyayuzmekursu.com\/tr\/wp-json\/wp\/v2\/media\/1654"}],"wp:attachment":[{"href":"https:\/\/alanyayuzmekursu.com\/tr\/wp-json\/wp\/v2\/media?parent=1802"}],"wp:term":[{"taxonomy":"product_cat","embeddable":true,"href":"https:\/\/alanyayuzmekursu.com\/tr\/wp-json\/wp\/v2\/product_cat?post=1802"},{"taxonomy":"product_tag","embeddable":true,"href":"https:\/\/alanyayuzmekursu.com\/tr\/wp-json\/wp\/v2\/product_tag?post=1802"}],"curies":[{"name":"wp","href":"https:\/\/api.w.org\/{rel}","templated":true}]}}